{"id":5,"date":"2016-05-31T00:22:29","date_gmt":"2016-05-31T03:22:29","guid":{"rendered":"http:\/\/www.vagasdecuritiba.com.br\/?page_id=5"},"modified":"2022-12-06T22:38:23","modified_gmt":"2022-12-07T01:38:23","slug":"sobre","status":"publish","type":"page","link":"https:\/\/www.vagasdecuritiba.com.br\/2024\/sobre\/","title":{"rendered":"Sobre"},"content":{"rendered":"\n<p>Nosso site de <a href=\"https:\/\/www.vagasdecuritiba.com.br\/\">vagas de Curitiba<\/a> mostra vagas gerais atualizadas diariamente. O site traz informa\u00e7\u00f5es detalhadas sobre vagas de emprego em Curitiba e suas requisitos, al\u00e9m de oferecer um sistema de busca para facilitar a navega\u00e7\u00e3o e encontrar a vaga mais adequada ao seu perfil. Al\u00e9m disso, tamb\u00e9m oferecemos um servi\u00e7o de alerta de vagas, para que voc\u00ea fique sempre atualizado com as oportunidades que surgem diariamente em Curitiba. Estamos comprometidos em oferecer as melhores vagas de Curitiba e ajud\u00e1-lo a encontrar o emprego ideal.<\/p>\n\n\n\n<p><\/p>\n\n\n\n<p>Existem v\u00e1rias maneiras de conseguir um emprego em Curitiba. A primeira \u00e9 procurar por vagas em sites de emprego, como o <a href=\"https:\/\/www.indeed.com\">Indeed<\/a>, o <a href=\"https:\/\/www.glassdoor.com\">Glassdoor<\/a>, o <a href=\"https:\/\/linkedIn.com\">LinkedIn<\/a> e o <a href=\"https:\/\/catho.combr\">Catho<\/a>. Tamb\u00e9m \u00e9 poss\u00edvel procurar por empresas espec\u00edficas em que voc\u00ea se interessa e ver se elas est\u00e3o oferecendo vagas. Outra op\u00e7\u00e3o \u00e9 procurar por <a href=\"https:\/\/www.vagasdecuritiba.com.br\/confira-uma-lista-de-150-agencias-em-curitiba\/\">ag\u00eancias de recrutamento<\/a> e se inscrever para vagas com elas. Finalmente, voc\u00ea pode fazer networking com outros profissionais e conhecer as pessoas certas para ajud\u00e1-lo a conseguir um emprego.<\/p>\n","protected":false},"excerpt":{"rendered":"<p>Nosso site de vagas de Curitiba mostra vagas gerais atualizadas diariamente. O site traz informa\u00e7\u00f5es detalhadas sobre vagas de emprego em Curitiba e suas requisitos, al\u00e9m de oferecer um sistema de busca para facilitar a navega\u00e7\u00e3o e encontrar a vaga mais adequada ao seu perfil. Al\u00e9m disso, tamb\u00e9m oferecemos um servi\u00e7o de alerta de vagas,&#8230;<\/p>\n","protected":false},"author":1,"featured_media":0,"parent":0,"menu_order":0,"comment_status":"closed","ping_status":"closed","template":"","meta":{"footnotes":""},"yoast_head":"<!-- This site is optimized with the Yoast SEO plugin v23.4 - https:\/\/yoast.com\/wordpress\/plugins\/seo\/ -->\n<title>Sobre - Vagas de Curitiba<\/title>\n<meta name=\"robots\" content=\"index, follow, max-snippet:-1, max-image-preview:large, max-video-preview:-1\" \/>\n<link rel=\"canonical\" href=\"https:\/\/www.vagasdecuritiba.com.br\/2024\/sobre\/\" \/>\n<meta property=\"og:locale\" content=\"pt_BR\" \/>\n<meta property=\"og:type\" content=\"article\" \/>\n<meta property=\"og:title\" content=\"Sobre - Vagas de Curitiba\" \/>\n<meta property=\"og:description\" content=\"Nosso site de vagas de Curitiba mostra vagas gerais atualizadas diariamente. O site traz informa\u00e7\u00f5es detalhadas sobre vagas de emprego em Curitiba e suas requisitos, al\u00e9m de oferecer um sistema de busca para facilitar a navega\u00e7\u00e3o e encontrar a vaga mais adequada ao seu perfil. Al\u00e9m disso, tamb\u00e9m oferecemos um servi\u00e7o de alerta de vagas,...\" \/>\n<meta property=\"og:url\" content=\"https:\/\/www.vagasdecuritiba.com.br\/2024\/sobre\/\" \/>\n<meta property=\"og:site_name\" content=\"Vagas de Curitiba\" \/>\n<meta property=\"article:publisher\" content=\"https:\/\/www.facebook.com\/vagacuritiba\/\" \/>\n<meta property=\"article:modified_time\" content=\"2022-12-07T01:38:23+00:00\" \/>\n<meta name=\"twitter:card\" content=\"summary_large_image\" \/>\n<meta name=\"twitter:label1\" content=\"Est. tempo de leitura\" \/>\n\t<meta name=\"twitter:data1\" content=\"1 minuto\" \/>\n<script type=\"application\/ld+json\" class=\"yoast-schema-graph\">{\"@context\":\"https:\/\/schema.org\",\"@graph\":[{\"@type\":\"WebPage\",\"@id\":\"https:\/\/www.vagasdecuritiba.com.br\/2024\/sobre\/\",\"url\":\"https:\/\/www.vagasdecuritiba.com.br\/2024\/sobre\/\",\"name\":\"Sobre - Vagas de Curitiba\",\"isPartOf\":{\"@id\":\"https:\/\/www.vagasdecuritiba.com.br\/2024\/#website\"},\"datePublished\":\"2016-05-31T03:22:29+00:00\",\"dateModified\":\"2022-12-07T01:38:23+00:00\",\"breadcrumb\":{\"@id\":\"https:\/\/www.vagasdecuritiba.com.br\/2024\/sobre\/#breadcrumb\"},\"inLanguage\":\"pt-BR\",\"potentialAction\":[{\"@type\":\"ReadAction\",\"target\":[\"https:\/\/www.vagasdecuritiba.com.br\/2024\/sobre\/\"]}]},{\"@type\":\"BreadcrumbList\",\"@id\":\"https:\/\/www.vagasdecuritiba.com.br\/2024\/sobre\/#breadcrumb\",\"itemListElement\":[{\"@type\":\"ListItem\",\"position\":1,\"name\":\"In\u00edcio\",\"item\":\"https:\/\/www.vagasdecuritiba.com.br\/2024\/\"},{\"@type\":\"ListItem\",\"position\":2,\"name\":\"Sobre\"}]},{\"@type\":\"WebSite\",\"@id\":\"https:\/\/www.vagasdecuritiba.com.br\/2024\/#website\",\"url\":\"https:\/\/www.vagasdecuritiba.com.br\/2024\/\",\"name\":\"Vagas de Curitiba\",\"description\":\"Empregos e est\u00e1gios em Curitiba e Regi\u00e3o Metropolitana\",\"publisher\":{\"@id\":\"https:\/\/www.vagasdecuritiba.com.br\/2024\/#organization\"},\"potentialAction\":[{\"@type\":\"SearchAction\",\"target\":{\"@type\":\"EntryPoint\",\"urlTemplate\":\"https:\/\/www.vagasdecuritiba.com.br\/2024\/?s={search_term_string}\"},\"query-input\":{\"@type\":\"PropertyValueSpecification\",\"valueRequired\":true,\"valueName\":\"search_term_string\"}}],\"inLanguage\":\"pt-BR\"},{\"@type\":\"Organization\",\"@id\":\"https:\/\/www.vagasdecuritiba.com.br\/2024\/#organization\",\"name\":\"Vagas de Curitiba\",\"url\":\"https:\/\/www.vagasdecuritiba.com.br\/2024\/\",\"logo\":{\"@type\":\"ImageObject\",\"inLanguage\":\"pt-BR\",\"@id\":\"https:\/\/www.vagasdecuritiba.com.br\/2024\/#\/schema\/logo\/image\/\",\"url\":\"https:\/\/i0.wp.com\/www.vagasdecuritiba.com.br\/wp-content\/uploads\/2022\/12\/vagas.jpg?fit=397%2C116&ssl=1\",\"contentUrl\":\"https:\/\/i0.wp.com\/www.vagasdecuritiba.com.br\/wp-content\/uploads\/2022\/12\/vagas.jpg?fit=397%2C116&ssl=1\",\"width\":397,\"height\":116,\"caption\":\"Vagas de Curitiba\"},\"image\":{\"@id\":\"https:\/\/www.vagasdecuritiba.com.br\/2024\/#\/schema\/logo\/image\/\"},\"sameAs\":[\"https:\/\/www.facebook.com\/vagacuritiba\/\"]}]}<\/script>\n<!-- \/ Yoast SEO plugin. -->","yoast_head_json":{"title":"Sobre - Vagas de Curitiba","robots":{"index":"index","follow":"follow","max-snippet":"max-snippet:-1","max-image-preview":"max-image-preview:large","max-video-preview":"max-video-preview:-1"},"canonical":"https:\/\/www.vagasdecuritiba.com.br\/2024\/sobre\/","og_locale":"pt_BR","og_type":"article","og_title":"Sobre - Vagas de Curitiba","og_description":"Nosso site de vagas de Curitiba mostra vagas gerais atualizadas diariamente. O site traz informa\u00e7\u00f5es detalhadas sobre vagas de emprego em Curitiba e suas requisitos, al\u00e9m de oferecer um sistema de busca para facilitar a navega\u00e7\u00e3o e encontrar a vaga mais adequada ao seu perfil. Al\u00e9m disso, tamb\u00e9m oferecemos um servi\u00e7o de alerta de vagas,...","og_url":"https:\/\/www.vagasdecuritiba.com.br\/2024\/sobre\/","og_site_name":"Vagas de Curitiba","article_publisher":"https:\/\/www.facebook.com\/vagacuritiba\/","article_modified_time":"2022-12-07T01:38:23+00:00","twitter_card":"summary_large_image","twitter_misc":{"Est. tempo de leitura":"1 minuto"},"schema":{"@context":"https:\/\/schema.org","@graph":[{"@type":"WebPage","@id":"https:\/\/www.vagasdecuritiba.com.br\/2024\/sobre\/","url":"https:\/\/www.vagasdecuritiba.com.br\/2024\/sobre\/","name":"Sobre - Vagas de Curitiba","isPartOf":{"@id":"https:\/\/www.vagasdecuritiba.com.br\/2024\/#website"},"datePublished":"2016-05-31T03:22:29+00:00","dateModified":"2022-12-07T01:38:23+00:00","breadcrumb":{"@id":"https:\/\/www.vagasdecuritiba.com.br\/2024\/sobre\/#breadcrumb"},"inLanguage":"pt-BR","potentialAction":[{"@type":"ReadAction","target":["https:\/\/www.vagasdecuritiba.com.br\/2024\/sobre\/"]}]},{"@type":"BreadcrumbList","@id":"https:\/\/www.vagasdecuritiba.com.br\/2024\/sobre\/#breadcrumb","itemListElement":[{"@type":"ListItem","position":1,"name":"In\u00edcio","item":"https:\/\/www.vagasdecuritiba.com.br\/2024\/"},{"@type":"ListItem","position":2,"name":"Sobre"}]},{"@type":"WebSite","@id":"https:\/\/www.vagasdecuritiba.com.br\/2024\/#website","url":"https:\/\/www.vagasdecuritiba.com.br\/2024\/","name":"Vagas de Curitiba","description":"Empregos e est\u00e1gios em Curitiba e Regi\u00e3o Metropolitana","publisher":{"@id":"https:\/\/www.vagasdecuritiba.com.br\/2024\/#organization"},"potentialAction":[{"@type":"SearchAction","target":{"@type":"EntryPoint","urlTemplate":"https:\/\/www.vagasdecuritiba.com.br\/2024\/?s={search_term_string}"},"query-input":{"@type":"PropertyValueSpecification","valueRequired":true,"valueName":"search_term_string"}}],"inLanguage":"pt-BR"},{"@type":"Organization","@id":"https:\/\/www.vagasdecuritiba.com.br\/2024\/#organization","name":"Vagas de Curitiba","url":"https:\/\/www.vagasdecuritiba.com.br\/2024\/","logo":{"@type":"ImageObject","inLanguage":"pt-BR","@id":"https:\/\/www.vagasdecuritiba.com.br\/2024\/#\/schema\/logo\/image\/","url":"https:\/\/i0.wp.com\/www.vagasdecuritiba.com.br\/wp-content\/uploads\/2022\/12\/vagas.jpg?fit=397%2C116&ssl=1","contentUrl":"https:\/\/i0.wp.com\/www.vagasdecuritiba.com.br\/wp-content\/uploads\/2022\/12\/vagas.jpg?fit=397%2C116&ssl=1","width":397,"height":116,"caption":"Vagas de Curitiba"},"image":{"@id":"https:\/\/www.vagasdecuritiba.com.br\/2024\/#\/schema\/logo\/image\/"},"sameAs":["https:\/\/www.facebook.com\/vagacuritiba\/"]}]}},"_links":{"self":[{"href":"https:\/\/www.vagasdecuritiba.com.br\/2024\/wp-json\/wp\/v2\/pages\/5"}],"collection":[{"href":"https:\/\/www.vagasdecuritiba.com.br\/2024\/wp-json\/wp\/v2\/pages"}],"about":[{"href":"https:\/\/www.vagasdecuritiba.com.br\/2024\/wp-json\/wp\/v2\/types\/page"}],"author":[{"embeddable":true,"href":"https:\/\/www.vagasdecuritiba.com.br\/2024\/wp-json\/wp\/v2\/users\/1"}],"replies":[{"embeddable":true,"href":"https:\/\/www.vagasdecuritiba.com.br\/2024\/wp-json\/wp\/v2\/comments?post=5"}],"version-history":[{"count":2,"href":"https:\/\/www.vagasdecuritiba.com.br\/2024\/wp-json\/wp\/v2\/pages\/5\/revisions"}],"predecessor-version":[{"id":8685,"href":"https:\/\/www.vagasdecuritiba.com.br\/2024\/wp-json\/wp\/v2\/pages\/5\/revisions\/8685"}],"wp:attachment":[{"href":"https:\/\/www.vagasdecuritiba.com.br\/2024\/wp-json\/wp\/v2\/media?parent=5"}],"curies":[{"name":"wp","href":"https:\/\/api.w.org\/{rel}","templated":true}]}}