{"id":6030,"date":"2018-09-03T16:46:52","date_gmt":"2018-09-03T19:46:52","guid":{"rendered":"http:\/\/www.vagasdecuritiba.com.br\/?page_id=6030"},"modified":"2018-09-03T16:46:52","modified_gmt":"2018-09-03T19:46:52","slug":"politica-de-privacidade","status":"publish","type":"page","link":"https:\/\/www.vagasdecuritiba.com.br\/2024\/politica-de-privacidade\/","title":{"rendered":"Pol\u00edtica de privacidade"},"content":{"rendered":"<p>Pol\u00edtica de privacidade para Vagas de Curitiba<br \/>\nTodas as suas informa\u00e7\u00f5es pessoais recolhidas, ser\u00e3o usadas para o ajudar<br \/>\na tornar a sua visita no nosso site o mais produtiva e agrad\u00e1vel poss\u00edvel.<\/p>\n<p>A garantia da confidencialidade dos dados pessoais dos utilizadores do nosso site \u00e9 importante para o Vagas de Curitiba.<\/p>\n<p>Todas as informa\u00e7\u00f5es pessoais relativas a membros, assinantes, clientes ou visitantes que usem o Vagas de Curitiba ser\u00e3o tratadas em concord\u00e2ncia com a Lei da Prote\u00e7\u00e3o de Dados Pessoais de 26 de outubro de 1998 (Lei n.\u00ba 67\/98).<\/p>\n<p>A informa\u00e7\u00e3o pessoal recolhida pode incluir o seu nome, e-mail, n\u00famero de telefone e\/ou telem\u00f3vel, morada, data de nascimento e\/ou outros.<\/p>\n<p>O uso do Vagas de Curitiba pressup\u00f5e a aceita\u00e7\u00e3o deste Acordo de privacidade. A equipa do Vagas de Curitiba reserva-se ao direito de alterar este acordo sem aviso pr\u00e9vio. Deste modo, recomendamos que consulte a nossa pol\u00edtica de privacidade com regularidade de forma a estar sempre atualizado.<\/p>\n<p>Os an\u00fancios<br \/>\nTal como outros websites, coletamos e utilizamos informa\u00e7\u00e3o contida nos an\u00fancios. A informa\u00e7\u00e3o contida nos an\u00fancios, inclui o seu endere\u00e7o IP (Internet Protocol), o seu ISP (Internet Service Provider, como o Sapo, Clix, ou outro), o browser que utilizou ao visitar o nosso website (como o Internet Explorer ou o Firefox), o tempo da sua visita e que p\u00e1ginas visitou dentro do nosso website.<\/p>\n<p>Cookie DoubleClick Dart<br \/>\nO Google, como fornecedor de terceiros, utiliza cookies para exibir an\u00fancios no nosso website;<\/p>\n<p>Com o cookie DART, o Google pode exibir an\u00fancios com base nas visitas que o leitor fez a outros websites na Internet;<\/p>\n<p>Os utilizadores podem desativar o cookie DART visitando a Pol\u00edtica de privacidade da rede de conte\u00fado e dos an\u00fancios do Google.<\/p>\n<p>Liga\u00e7\u00f5es a Sites de terceiros<br \/>\nO Vagas de Curitiba possui liga\u00e7\u00f5es para outros sites, os quais, a nosso ver, podem conter informa\u00e7\u00f5es \/ ferramentas \u00fateis para os nossos visitantes. A nossa pol\u00edtica de privacidade n\u00e3o \u00e9 aplicada a sites de terceiros, pelo que, caso visite outro site a partir do nosso dever\u00e1 ler a politica de privacidade do mesmo.<\/p>\n<p>N\u00e3o nos responsabilizamos pela pol\u00edtica de privacidade ou conte\u00fado presente nesses mesmos sites.<\/p>\n","protected":false},"excerpt":{"rendered":"<p>Pol\u00edtica de privacidade para Vagas de Curitiba Todas as suas informa\u00e7\u00f5es pessoais recolhidas, ser\u00e3o usadas para o ajudar a tornar a sua visita no nosso site o mais produtiva e agrad\u00e1vel poss\u00edvel. A garantia da confidencialidade dos dados pessoais dos utilizadores do nosso site \u00e9 importante para o Vagas de Curitiba. Todas as informa\u00e7\u00f5es pessoais&#8230;<\/p>\n","protected":false},"author":1,"featured_media":0,"parent":0,"menu_order":0,"comment_status":"closed","ping_status":"closed","template":"","meta":{"footnotes":""},"yoast_head":"<!-- This site is optimized with the Yoast SEO plugin v23.4 - https:\/\/yoast.com\/wordpress\/plugins\/seo\/ -->\n<title>Pol\u00edtica de privacidade - Vagas de Curitiba<\/title>\n<meta name=\"robots\" content=\"index, follow, max-snippet:-1, max-image-preview:large, max-video-preview:-1\" \/>\n<link rel=\"canonical\" href=\"https:\/\/www.vagasdecuritiba.com.br\/2024\/politica-de-privacidade\/\" \/>\n<meta property=\"og:locale\" content=\"pt_BR\" \/>\n<meta property=\"og:type\" content=\"article\" \/>\n<meta property=\"og:title\" content=\"Pol\u00edtica de privacidade - Vagas de Curitiba\" \/>\n<meta property=\"og:description\" content=\"Pol\u00edtica de privacidade para Vagas de Curitiba Todas as suas informa\u00e7\u00f5es pessoais recolhidas, ser\u00e3o usadas para o ajudar a tornar a sua visita no nosso site o mais produtiva e agrad\u00e1vel poss\u00edvel. A garantia da confidencialidade dos dados pessoais dos utilizadores do nosso site \u00e9 importante para o Vagas de Curitiba. Todas as informa\u00e7\u00f5es pessoais...\" \/>\n<meta property=\"og:url\" content=\"https:\/\/www.vagasdecuritiba.com.br\/2024\/politica-de-privacidade\/\" \/>\n<meta property=\"og:site_name\" content=\"Vagas de Curitiba\" \/>\n<meta property=\"article:publisher\" content=\"https:\/\/www.facebook.com\/vagacuritiba\/\" \/>\n<meta name=\"twitter:card\" content=\"summary_large_image\" \/>\n<meta name=\"twitter:label1\" content=\"Est. tempo de leitura\" \/>\n\t<meta name=\"twitter:data1\" content=\"2 minutos\" \/>\n<script type=\"application\/ld+json\" class=\"yoast-schema-graph\">{\"@context\":\"https:\/\/schema.org\",\"@graph\":[{\"@type\":\"WebPage\",\"@id\":\"https:\/\/www.vagasdecuritiba.com.br\/2024\/politica-de-privacidade\/\",\"url\":\"https:\/\/www.vagasdecuritiba.com.br\/2024\/politica-de-privacidade\/\",\"name\":\"Pol\u00edtica de privacidade - Vagas de Curitiba\",\"isPartOf\":{\"@id\":\"https:\/\/www.vagasdecuritiba.com.br\/2024\/#website\"},\"datePublished\":\"2018-09-03T19:46:52+00:00\",\"dateModified\":\"2018-09-03T19:46:52+00:00\",\"breadcrumb\":{\"@id\":\"https:\/\/www.vagasdecuritiba.com.br\/2024\/politica-de-privacidade\/#breadcrumb\"},\"inLanguage\":\"pt-BR\",\"potentialAction\":[{\"@type\":\"ReadAction\",\"target\":[\"https:\/\/www.vagasdecuritiba.com.br\/2024\/politica-de-privacidade\/\"]}]},{\"@type\":\"BreadcrumbList\",\"@id\":\"https:\/\/www.vagasdecuritiba.com.br\/2024\/politica-de-privacidade\/#breadcrumb\",\"itemListElement\":[{\"@type\":\"ListItem\",\"position\":1,\"name\":\"In\u00edcio\",\"item\":\"https:\/\/www.vagasdecuritiba.com.br\/2024\/\"},{\"@type\":\"ListItem\",\"position\":2,\"name\":\"Pol\u00edtica de privacidade\"}]},{\"@type\":\"WebSite\",\"@id\":\"https:\/\/www.vagasdecuritiba.com.br\/2024\/#website\",\"url\":\"https:\/\/www.vagasdecuritiba.com.br\/2024\/\",\"name\":\"Vagas de Curitiba\",\"description\":\"Empregos e est\u00e1gios em Curitiba e Regi\u00e3o Metropolitana\",\"publisher\":{\"@id\":\"https:\/\/www.vagasdecuritiba.com.br\/2024\/#organization\"},\"potentialAction\":[{\"@type\":\"SearchAction\",\"target\":{\"@type\":\"EntryPoint\",\"urlTemplate\":\"https:\/\/www.vagasdecuritiba.com.br\/2024\/?s={search_term_string}\"},\"query-input\":{\"@type\":\"PropertyValueSpecification\",\"valueRequired\":true,\"valueName\":\"search_term_string\"}}],\"inLanguage\":\"pt-BR\"},{\"@type\":\"Organization\",\"@id\":\"https:\/\/www.vagasdecuritiba.com.br\/2024\/#organization\",\"name\":\"Vagas de Curitiba\",\"url\":\"https:\/\/www.vagasdecuritiba.com.br\/2024\/\",\"logo\":{\"@type\":\"ImageObject\",\"inLanguage\":\"pt-BR\",\"@id\":\"https:\/\/www.vagasdecuritiba.com.br\/2024\/#\/schema\/logo\/image\/\",\"url\":\"https:\/\/i0.wp.com\/www.vagasdecuritiba.com.br\/wp-content\/uploads\/2022\/12\/vagas.jpg?fit=397%2C116&ssl=1\",\"contentUrl\":\"https:\/\/i0.wp.com\/www.vagasdecuritiba.com.br\/wp-content\/uploads\/2022\/12\/vagas.jpg?fit=397%2C116&ssl=1\",\"width\":397,\"height\":116,\"caption\":\"Vagas de Curitiba\"},\"image\":{\"@id\":\"https:\/\/www.vagasdecuritiba.com.br\/2024\/#\/schema\/logo\/image\/\"},\"sameAs\":[\"https:\/\/www.facebook.com\/vagacuritiba\/\"]}]}<\/script>\n<!-- \/ Yoast SEO plugin. -->","yoast_head_json":{"title":"Pol\u00edtica de privacidade - Vagas de Curitiba","robots":{"index":"index","follow":"follow","max-snippet":"max-snippet:-1","max-image-preview":"max-image-preview:large","max-video-preview":"max-video-preview:-1"},"canonical":"https:\/\/www.vagasdecuritiba.com.br\/2024\/politica-de-privacidade\/","og_locale":"pt_BR","og_type":"article","og_title":"Pol\u00edtica de privacidade - Vagas de Curitiba","og_description":"Pol\u00edtica de privacidade para Vagas de Curitiba Todas as suas informa\u00e7\u00f5es pessoais recolhidas, ser\u00e3o usadas para o ajudar a tornar a sua visita no nosso site o mais produtiva e agrad\u00e1vel poss\u00edvel. A garantia da confidencialidade dos dados pessoais dos utilizadores do nosso site \u00e9 importante para o Vagas de Curitiba. Todas as informa\u00e7\u00f5es pessoais...","og_url":"https:\/\/www.vagasdecuritiba.com.br\/2024\/politica-de-privacidade\/","og_site_name":"Vagas de Curitiba","article_publisher":"https:\/\/www.facebook.com\/vagacuritiba\/","twitter_card":"summary_large_image","twitter_misc":{"Est. tempo de leitura":"2 minutos"},"schema":{"@context":"https:\/\/schema.org","@graph":[{"@type":"WebPage","@id":"https:\/\/www.vagasdecuritiba.com.br\/2024\/politica-de-privacidade\/","url":"https:\/\/www.vagasdecuritiba.com.br\/2024\/politica-de-privacidade\/","name":"Pol\u00edtica de privacidade - Vagas de Curitiba","isPartOf":{"@id":"https:\/\/www.vagasdecuritiba.com.br\/2024\/#website"},"datePublished":"2018-09-03T19:46:52+00:00","dateModified":"2018-09-03T19:46:52+00:00","breadcrumb":{"@id":"https:\/\/www.vagasdecuritiba.com.br\/2024\/politica-de-privacidade\/#breadcrumb"},"inLanguage":"pt-BR","potentialAction":[{"@type":"ReadAction","target":["https:\/\/www.vagasdecuritiba.com.br\/2024\/politica-de-privacidade\/"]}]},{"@type":"BreadcrumbList","@id":"https:\/\/www.vagasdecuritiba.com.br\/2024\/politica-de-privacidade\/#breadcrumb","itemListElement":[{"@type":"ListItem","position":1,"name":"In\u00edcio","item":"https:\/\/www.vagasdecuritiba.com.br\/2024\/"},{"@type":"ListItem","position":2,"name":"Pol\u00edtica de privacidade"}]},{"@type":"WebSite","@id":"https:\/\/www.vagasdecuritiba.com.br\/2024\/#website","url":"https:\/\/www.vagasdecuritiba.com.br\/2024\/","name":"Vagas de Curitiba","description":"Empregos e est\u00e1gios em Curitiba e Regi\u00e3o Metropolitana","publisher":{"@id":"https:\/\/www.vagasdecuritiba.com.br\/2024\/#organization"},"potentialAction":[{"@type":"SearchAction","target":{"@type":"EntryPoint","urlTemplate":"https:\/\/www.vagasdecuritiba.com.br\/2024\/?s={search_term_string}"},"query-input":{"@type":"PropertyValueSpecification","valueRequired":true,"valueName":"search_term_string"}}],"inLanguage":"pt-BR"},{"@type":"Organization","@id":"https:\/\/www.vagasdecuritiba.com.br\/2024\/#organization","name":"Vagas de Curitiba","url":"https:\/\/www.vagasdecuritiba.com.br\/2024\/","logo":{"@type":"ImageObject","inLanguage":"pt-BR","@id":"https:\/\/www.vagasdecuritiba.com.br\/2024\/#\/schema\/logo\/image\/","url":"https:\/\/i0.wp.com\/www.vagasdecuritiba.com.br\/wp-content\/uploads\/2022\/12\/vagas.jpg?fit=397%2C116&ssl=1","contentUrl":"https:\/\/i0.wp.com\/www.vagasdecuritiba.com.br\/wp-content\/uploads\/2022\/12\/vagas.jpg?fit=397%2C116&ssl=1","width":397,"height":116,"caption":"Vagas de Curitiba"},"image":{"@id":"https:\/\/www.vagasdecuritiba.com.br\/2024\/#\/schema\/logo\/image\/"},"sameAs":["https:\/\/www.facebook.com\/vagacuritiba\/"]}]}},"_links":{"self":[{"href":"https:\/\/www.vagasdecuritiba.com.br\/2024\/wp-json\/wp\/v2\/pages\/6030"}],"collection":[{"href":"https:\/\/www.vagasdecuritiba.com.br\/2024\/wp-json\/wp\/v2\/pages"}],"about":[{"href":"https:\/\/www.vagasdecuritiba.com.br\/2024\/wp-json\/wp\/v2\/types\/page"}],"author":[{"embeddable":true,"href":"https:\/\/www.vagasdecuritiba.com.br\/2024\/wp-json\/wp\/v2\/users\/1"}],"replies":[{"embeddable":true,"href":"https:\/\/www.vagasdecuritiba.com.br\/2024\/wp-json\/wp\/v2\/comments?post=6030"}],"version-history":[{"count":1,"href":"https:\/\/www.vagasdecuritiba.com.br\/2024\/wp-json\/wp\/v2\/pages\/6030\/revisions"}],"predecessor-version":[{"id":6031,"href":"https:\/\/www.vagasdecuritiba.com.br\/2024\/wp-json\/wp\/v2\/pages\/6030\/revisions\/6031"}],"wp:attachment":[{"href":"https:\/\/www.vagasdecuritiba.com.br\/2024\/wp-json\/wp\/v2\/media?parent=6030"}],"curies":[{"name":"wp","href":"https:\/\/api.w.org\/{rel}","templated":true}]}}